{"id":111,"date":"2024-08-07T04:30:56","date_gmt":"2024-08-07T04:30:56","guid":{"rendered":"https:\/\/hmc-c.com\/?page_id=111"},"modified":"2024-10-05T15:01:57","modified_gmt":"2024-10-05T15:01:57","slug":"ban-may-da-qua-su-dung","status":"publish","type":"page","link":"https:\/\/hmc-c.com\/jp\/noi-dung-kinh-doanh\/ban-may-da-qua-su-dung\/","title":{"rendered":"B\u00e1n m\u00e1y \u0111\u00e3 qua s\u1eed d\u1ee5ng"},"content":{"rendered":"\n  <div class=\"banner has-hover banner-txt-shadow has-parallax\" id=\"banner-1599964498\">\n          <div class=\"banner-inner fill\">\n        <div class=\"banner-bg fill\" data-parallax=\"-8\" data-parallax-container=\".banner\" data-parallax-background>\n            <div class=\"bg fill bg-fill \"><\/div>\n                                    \n                    <\/div>\n        <div class=\"banner-layers container\">\n            <div class=\"fill banner-link\"><\/div>            \n   <div id=\"text-box-1334201606\" class=\"text-box banner-layer x50 md-x50 lg-x50 y50 md-y50 lg-y50 res-text\">\n                                <div class=\"text-box-content text dark\">\n              \n              <div class=\"text-inner text-center\">\n                  \n<h2>\u4e2d\u53e4\u6a5f\u5668\u5546\u58f2<\/h2>\n\t<div id=\"text-1493062593\" class=\"text\">\n\t\t\n<p><span style=\"color: #ffffff;\">\u4e2d\u53e4\u5de5\u4f5c\u6a5f\u68b0\u306e\u58f2\u8cb7 &#8211; \u4fee\u7406<\/span><\/p>\n\t\t\n<style>\n#text-1493062593 {\n  font-size: 1.3rem;\n}\n@media (min-width:550px) {\n  #text-1493062593 {\n    font-size: 1.6rem;\n  }\n}\n<\/style>\n\t<\/div>\n\t\n              <\/div>\n           <\/div>\n                            \n<style>\n#text-box-1334201606 {\n  width: 93%;\n}\n#text-box-1334201606 .text-box-content {\n  font-size: 100%;\n}\n@media (min-width:550px) {\n  #text-box-1334201606 {\n    width: 90%;\n  }\n}\n@media (min-width:850px) {\n  #text-box-1334201606 {\n    width: 60%;\n  }\n}\n<\/style>\n    <\/div>\n \n        <\/div>\n      <\/div>\n\n            \n<style>\n#banner-1599964498 {\n  padding-top: 500px;\n}\n#banner-1599964498 .bg.bg-loaded {\n  background-image: url(https:\/\/hmc-c.com\/jp\/wp-content\/uploads\/2024\/08\/tn-sd.jpg);\n}\n#banner-1599964498 .bg {\n  background-position: 54% 93%;\n}\n<\/style>\n  <\/div>\n\n\n\t<section class=\"section\" id=\"section_806943513\">\n\t\t<div class=\"bg section-bg fill bg-fill  bg-loaded\" >\n\n\t\t\t\n\t\t\t\n\t\t\t\n\n\t\t<\/div>\n\n\t\t<div class=\"section-content relative\">\n\t\t\t\n<div class=\"row align-center\"  id=\"row-389508753\">\n\n\t<div id=\"col-939118433\" class=\"col medium-12 small-12 large-10\"  >\n\t\t<div class=\"col-inner\"  >\n\t\t\t\n\t\t\t\n\t<div id=\"text-3197880172\" class=\"text\">\n\t\t\n<h2><span style=\"color: #000000;\">\u30b5\u30fc\u30d3\u30b9\u5185\u5bb9<\/span><\/h2>\n\t\t\n<style>\n#text-3197880172 {\n  font-size: 1.55rem;\n  text-align: center;\n}\n<\/style>\n\t<\/div>\n\t\n\t<div id=\"gap-1368819413\" class=\"gap-element clearfix\" style=\"display:block; height:auto;\">\n\t\t\n<style>\n#gap-1368819413 {\n  padding-top: 30px;\n}\n<\/style>\n\t<\/div>\n\t\n<div class=\"row\"  id=\"row-227186886\">\n\n\t<div id=\"col-677644666\" class=\"col medium-6 small-12 large-6\"  >\n\t\t<div class=\"col-inner\"  >\n\t\t\t\n\t\t\t\n<h3><span style=\"color: #000000;\"><strong>1. \u52a0\u5de5\u30de\u30b7\u30cb\u30f3\u30b0\u30bb\u30f3\u30bf\u30fc<\/strong><\/span><\/h3>\n\t\t<\/div>\n\t\t\t<\/div>\n\n\t\n\n\t<div id=\"col-935501272\" class=\"col medium-6 small-12 large-6\"  >\n\t\t<div class=\"col-inner\"  >\n\t\t\t\n\t\t\t\n<h3><span style=\"color: #000000;\"><strong>2. \u30d7\u30ec\u30b9\u6a5f 50-80-150-200\u30c8\u30f3<\/strong><\/span><\/h3>\n\t\t<\/div>\n\t\t\t<\/div>\n\n\t\n\n\t<div id=\"col-748468559\" class=\"col medium-6 small-12 large-6\"  >\n\t\t<div class=\"col-inner\"  >\n\t\t\t\n\t\t\t\n\t<div class=\"img has-hover x md-x lg-x y md-y lg-y\" id=\"image_939252803\">\n\t\t\t\t\t\t\t\t<div class=\"img-inner dark\" >\n\t\t\t<img loading=\"lazy\" decoding=\"async\" width=\"403\" height=\"302\" src=\"https:\/\/hmc-c.com\/jp\/wp-content\/uploads\/2024\/08\/2.jpg\" class=\"attachment-large size-large\" alt=\"\" srcset=\"https:\/\/hmc-c.com\/jp\/wp-content\/uploads\/2024\/08\/2.jpg 403w, https:\/\/hmc-c.com\/jp\/wp-content\/uploads\/2024\/08\/2-300x225.jpg 300w\" sizes=\"(max-width: 403px) 100vw, 403px\" \/>\t\t\t\t\t\t\n\t\t\t\t\t<\/div>\n\t\t\t\t\t\t\t\t\n<style>\n#image_939252803 {\n  width: 100%;\n}\n<\/style>\n\t<\/div>\n\t\n\t\t<\/div>\n\t\t\t<\/div>\n\n\t\n\n\t<div id=\"col-2055899770\" class=\"col medium-6 small-12 large-6\"  >\n\t\t<div class=\"col-inner\"  >\n\t\t\t\n\t\t\t\n\t<div class=\"img has-hover x md-x lg-x y md-y lg-y\" id=\"image_455089371\">\n\t\t\t\t\t\t\t\t<div class=\"img-inner image-cover dark\" style=\"padding-top:75%;\">\n\t\t\t<img loading=\"lazy\" decoding=\"async\" width=\"768\" height=\"1024\" src=\"https:\/\/hmc-c.com\/jp\/wp-content\/uploads\/2024\/08\/3-768x1024.jpg\" class=\"attachment-large size-large\" alt=\"\" srcset=\"https:\/\/hmc-c.com\/jp\/wp-content\/uploads\/2024\/08\/3-768x1024.jpg 768w, https:\/\/hmc-c.com\/jp\/wp-content\/uploads\/2024\/08\/3-225x300.jpg 225w, https:\/\/hmc-c.com\/jp\/wp-content\/uploads\/2024\/08\/3-1152x1536.jpg 1152w, https:\/\/hmc-c.com\/jp\/wp-content\/uploads\/2024\/08\/3-1536x2048.jpg 1536w, https:\/\/hmc-c.com\/jp\/wp-content\/uploads\/2024\/08\/3-800x1067.jpg 800w, https:\/\/hmc-c.com\/jp\/wp-content\/uploads\/2024\/08\/3.jpg 1920w\" sizes=\"(max-width: 768px) 100vw, 768px\" \/>\t\t\t\t\t\t\n\t\t\t\t\t<\/div>\n\t\t\t\t\t\t\t\t\n<style>\n#image_455089371 {\n  width: 100%;\n}\n<\/style>\n\t<\/div>\n\t\n\t\t<\/div>\n\t\t\t<\/div>\n\n\t\n<\/div>\n<div class=\"row\"  id=\"row-1898059139\">\n\n\t<div id=\"col-20533435\" class=\"col medium-6 small-12 large-6\"  >\n\t\t<div class=\"col-inner\"  >\n\t\t\t\n\t\t\t\n<h3><span style=\"color: #000000;\"><strong>3. NC\u30d5\u30e9\u30a4\u30b9\u76e4<\/strong><\/span><\/h3>\n\t\t<\/div>\n\t\t\t<\/div>\n\n\t\n\n\t<div id=\"col-479045099\" class=\"col medium-6 small-12 large-6\"  >\n\t\t<div class=\"col-inner\"  >\n\t\t\t\n\t\t\t\n<h3><span style=\"color: #000000;\">4. \u30aa\u30ab\u30e2\u30c8 \u30d5\u30e9\u30c3\u30c8\u30b0\u30e9\u30a4\u30f3\u30c0\u30fc<\/span><\/h3>\n\t\t<\/div>\n\t\t\t<\/div>\n\n\t\n\n\t<div id=\"col-1133388099\" class=\"col medium-6 small-12 large-6\"  >\n\t\t<div class=\"col-inner\"  >\n\t\t\t\n\t\t\t\n\t<div class=\"img has-hover x md-x lg-x y md-y lg-y\" id=\"image_551603029\">\n\t\t\t\t\t\t\t\t<div class=\"img-inner dark\" >\n\t\t\t<img loading=\"lazy\" decoding=\"async\" width=\"778\" height=\"558\" src=\"https:\/\/hmc-c.com\/jp\/wp-content\/uploads\/2024\/08\/4.jpg\" class=\"attachment-large size-large\" alt=\"\" srcset=\"https:\/\/hmc-c.com\/jp\/wp-content\/uploads\/2024\/08\/4.jpg 778w, https:\/\/hmc-c.com\/jp\/wp-content\/uploads\/2024\/08\/4-300x215.jpg 300w, https:\/\/hmc-c.com\/jp\/wp-content\/uploads\/2024\/08\/4-768x551.jpg 768w\" sizes=\"(max-width: 778px) 100vw, 778px\" \/>\t\t\t\t\t\t\n\t\t\t\t\t<\/div>\n\t\t\t\t\t\t\t\t\n<style>\n#image_551603029 {\n  width: 100%;\n}\n<\/style>\n\t<\/div>\n\t\n\t\t<\/div>\n\t\t\t<\/div>\n\n\t\n\n\t<div id=\"col-731898417\" class=\"col medium-6 small-12 large-6\"  >\n\t\t<div class=\"col-inner\"  >\n\t\t\t\n\t\t\t\n\t<div class=\"img has-hover x md-x lg-x y md-y lg-y\" id=\"image_833298649\">\n\t\t\t\t\t\t\t\t<div class=\"img-inner image-cover dark\" style=\"padding-top:72%;\">\n\t\t\t<img loading=\"lazy\" decoding=\"async\" width=\"500\" height=\"375\" src=\"https:\/\/hmc-c.com\/jp\/wp-content\/uploads\/2024\/08\/5.jpg\" class=\"attachment-large size-large\" alt=\"\" srcset=\"https:\/\/hmc-c.com\/jp\/wp-content\/uploads\/2024\/08\/5.jpg 500w, https:\/\/hmc-c.com\/jp\/wp-content\/uploads\/2024\/08\/5-300x225.jpg 300w\" sizes=\"(max-width: 500px) 100vw, 500px\" \/>\t\t\t\t\t\t\n\t\t\t\t\t<\/div>\n\t\t\t\t\t\t\t\t\n<style>\n#image_833298649 {\n  width: 100%;\n}\n<\/style>\n\t<\/div>\n\t\n\t\t<\/div>\n\t\t\t<\/div>\n\n\t\n<\/div>\n\t\t<\/div>\n\t\t\t<\/div>\n\n\t\n<\/div>\n\t\t<\/div>\n\n\t\t\n<style>\n#section_806943513 {\n  padding-top: 80px;\n  padding-bottom: 80px;\n}\n<\/style>\n\t<\/section>\n\t\n","protected":false},"excerpt":{"rendered":"","protected":false},"author":1,"featured_media":0,"parent":19,"menu_order":0,"comment_status":"closed","ping_status":"closed","template":"page-transparent-header-light.php","meta":{"footnotes":""},"class_list":["post-111","page","type-page","status-publish","hentry"],"yoast_head":"<!-- This site is optimized with the Yoast SEO plugin v23.2 - https:\/\/yoast.com\/wordpress\/plugins\/seo\/ -->\n<title>B\u00e1n m\u00e1y \u0111\u00e3 qua s\u1eed d\u1ee5ng - HMC<\/title>\n<meta name=\"robots\" content=\"index, follow, max-snippet:-1, max-image-preview:large, max-video-preview:-1\" \/>\n<link rel=\"canonical\" href=\"https:\/\/hmc-c.com\/jp\/noi-dung-kinh-doanh\/ban-may-da-qua-su-dung\/\" \/>\n<meta property=\"og:locale\" content=\"vi_VN\" \/>\n<meta property=\"og:type\" content=\"article\" \/>\n<meta property=\"og:title\" content=\"B\u00e1n m\u00e1y \u0111\u00e3 qua s\u1eed d\u1ee5ng - HMC\" \/>\n<meta property=\"og:url\" content=\"https:\/\/hmc-c.com\/jp\/noi-dung-kinh-doanh\/ban-may-da-qua-su-dung\/\" \/>\n<meta property=\"og:site_name\" content=\"HMC\" \/>\n<meta property=\"article:modified_time\" content=\"2024-10-05T15:01:57+00:00\" \/>\n<meta name=\"twitter:card\" content=\"summary_large_image\" \/>\n<script type=\"application\/ld+json\" class=\"yoast-schema-graph\">{\"@context\":\"https:\/\/schema.org\",\"@graph\":[{\"@type\":\"WebPage\",\"@id\":\"https:\/\/hmc-c.com\/jp\/noi-dung-kinh-doanh\/ban-may-da-qua-su-dung\/\",\"url\":\"https:\/\/hmc-c.com\/jp\/noi-dung-kinh-doanh\/ban-may-da-qua-su-dung\/\",\"name\":\"B\u00e1n m\u00e1y \u0111\u00e3 qua s\u1eed d\u1ee5ng - HMC\",\"isPartOf\":{\"@id\":\"https:\/\/hmc-c.com\/jp\/#website\"},\"datePublished\":\"2024-08-07T04:30:56+00:00\",\"dateModified\":\"2024-10-05T15:01:57+00:00\",\"breadcrumb\":{\"@id\":\"https:\/\/hmc-c.com\/jp\/noi-dung-kinh-doanh\/ban-may-da-qua-su-dung\/#breadcrumb\"},\"inLanguage\":\"vi\",\"potentialAction\":[{\"@type\":\"ReadAction\",\"target\":[\"https:\/\/hmc-c.com\/jp\/noi-dung-kinh-doanh\/ban-may-da-qua-su-dung\/\"]}]},{\"@type\":\"BreadcrumbList\",\"@id\":\"https:\/\/hmc-c.com\/jp\/noi-dung-kinh-doanh\/ban-may-da-qua-su-dung\/#breadcrumb\",\"itemListElement\":[{\"@type\":\"ListItem\",\"position\":1,\"name\":\"\u30db\u30fc\u30e0\",\"item\":\"https:\/\/hmc-c.com\/jp\/\"},{\"@type\":\"ListItem\",\"position\":2,\"name\":\"N\u1ed9i dung kinh doanh\",\"item\":\"https:\/\/hmc-c.com\/jp\/noi-dung-kinh-doanh\/\"},{\"@type\":\"ListItem\",\"position\":3,\"name\":\"B\u00e1n m\u00e1y \u0111\u00e3 qua s\u1eed d\u1ee5ng\"}]},{\"@type\":\"WebSite\",\"@id\":\"https:\/\/hmc-c.com\/jp\/#website\",\"url\":\"https:\/\/hmc-c.com\/jp\/\",\"name\":\"HMC\",\"description\":\"\",\"potentialAction\":[{\"@type\":\"SearchAction\",\"target\":{\"@type\":\"EntryPoint\",\"urlTemplate\":\"https:\/\/hmc-c.com\/jp\/?s={search_term_string}\"},\"query-input\":\"required name=search_term_string\"}],\"inLanguage\":\"vi\"}]}<\/script>\n<!-- \/ Yoast SEO plugin. -->","yoast_head_json":{"title":"B\u00e1n m\u00e1y \u0111\u00e3 qua s\u1eed d\u1ee5ng - HMC","robots":{"index":"index","follow":"follow","max-snippet":"max-snippet:-1","max-image-preview":"max-image-preview:large","max-video-preview":"max-video-preview:-1"},"canonical":"https:\/\/hmc-c.com\/jp\/noi-dung-kinh-doanh\/ban-may-da-qua-su-dung\/","og_locale":"vi_VN","og_type":"article","og_title":"B\u00e1n m\u00e1y \u0111\u00e3 qua s\u1eed d\u1ee5ng - HMC","og_url":"https:\/\/hmc-c.com\/jp\/noi-dung-kinh-doanh\/ban-may-da-qua-su-dung\/","og_site_name":"HMC","article_modified_time":"2024-10-05T15:01:57+00:00","twitter_card":"summary_large_image","schema":{"@context":"https:\/\/schema.org","@graph":[{"@type":"WebPage","@id":"https:\/\/hmc-c.com\/jp\/noi-dung-kinh-doanh\/ban-may-da-qua-su-dung\/","url":"https:\/\/hmc-c.com\/jp\/noi-dung-kinh-doanh\/ban-may-da-qua-su-dung\/","name":"B\u00e1n m\u00e1y \u0111\u00e3 qua s\u1eed d\u1ee5ng - HMC","isPartOf":{"@id":"https:\/\/hmc-c.com\/jp\/#website"},"datePublished":"2024-08-07T04:30:56+00:00","dateModified":"2024-10-05T15:01:57+00:00","breadcrumb":{"@id":"https:\/\/hmc-c.com\/jp\/noi-dung-kinh-doanh\/ban-may-da-qua-su-dung\/#breadcrumb"},"inLanguage":"vi","potentialAction":[{"@type":"ReadAction","target":["https:\/\/hmc-c.com\/jp\/noi-dung-kinh-doanh\/ban-may-da-qua-su-dung\/"]}]},{"@type":"BreadcrumbList","@id":"https:\/\/hmc-c.com\/jp\/noi-dung-kinh-doanh\/ban-may-da-qua-su-dung\/#breadcrumb","itemListElement":[{"@type":"ListItem","position":1,"name":"\u30db\u30fc\u30e0","item":"https:\/\/hmc-c.com\/jp\/"},{"@type":"ListItem","position":2,"name":"N\u1ed9i dung kinh doanh","item":"https:\/\/hmc-c.com\/jp\/noi-dung-kinh-doanh\/"},{"@type":"ListItem","position":3,"name":"B\u00e1n m\u00e1y \u0111\u00e3 qua s\u1eed d\u1ee5ng"}]},{"@type":"WebSite","@id":"https:\/\/hmc-c.com\/jp\/#website","url":"https:\/\/hmc-c.com\/jp\/","name":"HMC","description":"","potentialAction":[{"@type":"SearchAction","target":{"@type":"EntryPoint","urlTemplate":"https:\/\/hmc-c.com\/jp\/?s={search_term_string}"},"query-input":"required name=search_term_string"}],"inLanguage":"vi"}]}},"_links":{"self":[{"href":"https:\/\/hmc-c.com\/jp\/wp-json\/wp\/v2\/pages\/111"}],"collection":[{"href":"https:\/\/hmc-c.com\/jp\/wp-json\/wp\/v2\/pages"}],"about":[{"href":"https:\/\/hmc-c.com\/jp\/wp-json\/wp\/v2\/types\/page"}],"author":[{"embeddable":true,"href":"https:\/\/hmc-c.com\/jp\/wp-json\/wp\/v2\/users\/1"}],"replies":[{"embeddable":true,"href":"https:\/\/hmc-c.com\/jp\/wp-json\/wp\/v2\/comments?post=111"}],"version-history":[{"count":12,"href":"https:\/\/hmc-c.com\/jp\/wp-json\/wp\/v2\/pages\/111\/revisions"}],"predecessor-version":[{"id":579,"href":"https:\/\/hmc-c.com\/jp\/wp-json\/wp\/v2\/pages\/111\/revisions\/579"}],"up":[{"embeddable":true,"href":"https:\/\/hmc-c.com\/jp\/wp-json\/wp\/v2\/pages\/19"}],"wp:attachment":[{"href":"https:\/\/hmc-c.com\/jp\/wp-json\/wp\/v2\/media?parent=111"}],"curies":[{"name":"wp","href":"https:\/\/api.w.org\/{rel}","templated":true}]}}